{"id":6922,"date":"2023-11-19T10:39:22","date_gmt":"2023-11-19T10:39:22","guid":{"rendered":"https:\/\/demo.wpzoom.com\/inspiro-lite-blocks-xml\/?page_id=6922"},"modified":"2025-04-24T08:42:38","modified_gmt":"2025-04-24T08:42:38","slug":"homepage-3","status":"publish","type":"page","link":"https:\/\/wmi-math.vn\/","title":{"rendered":"Homepage"},"content":{"rendered":"\n<div class=\"wp-block-cover alignfull\" style=\"min-height:100vh;aspect-ratio:unset;\"><img fetchpriority=\"high\" decoding=\"async\" width=\"2000\" height=\"1197\" class=\"wp-block-cover__image-background wp-image-70\" alt=\"\" src=\"https:\/\/wmi-math.vn\/wp-content\/uploads\/2025\/04\/cropped-cropped-banner.png\" data-object-fit=\"cover\" srcset=\"https:\/\/wmi-math.vn\/wp-content\/uploads\/2025\/04\/cropped-cropped-banner.png 2000w, https:\/\/wmi-math.vn\/wp-content\/uploads\/2025\/04\/cropped-cropped-banner-300x180.png 300w, https:\/\/wmi-math.vn\/wp-content\/uploads\/2025\/04\/cropped-cropped-banner-1024x613.png 1024w, https:\/\/wmi-math.vn\/wp-content\/uploads\/2025\/04\/cropped-cropped-banner-1536x919.png 1536w, https:\/\/wmi-math.vn\/wp-content\/uploads\/2025\/04\/cropped-cropped-banner-600x359.png 600w, https:\/\/wmi-math.vn\/wp-content\/uploads\/2025\/04\/cropped-cropped-banner-1200x718.png 1200w\" sizes=\"(max-width: 2000px) 100vw, 2000px\" \/><span aria-hidden=\"true\" class=\"wp-block-cover__background has-background-dim-30 has-background-dim\" style=\"background-color:#654b46\"><\/span><div class=\"wp-block-cover__inner-container has-global-padding is-layout-constrained wp-block-cover-is-layout-constrained\">\n<h1 class=\"wp-block-heading has-text-align-center has-white-color has-text-color has-max-72-font-size\"><strong>Welcome to WMI !!<\/strong><\/h1>\n\n\n\n<hr class=\"wp-block-separator has-text-color has-alpha-channel-opacity has-background is-style-default\" style=\"margin-top:var(--wp--preset--spacing--x-small);margin-bottom:var(--wp--preset--spacing--x-small);background-color:#ffffff47;color:#ffffff47\"\/>\n<\/div><\/div>\n\n\n\n<div style=\"height:24px\" aria-hidden=\"true\" class=\"wp-block-spacer\"><\/div>\n\n\n\n<div class=\"wp-block-group has-global-padding is-layout-constrained wp-container-core-group-is-layout-3a820303 wp-block-group-is-layout-constrained\" style=\"padding-right:var(--wp--preset--spacing--small);padding-left:var(--wp--preset--spacing--small)\">\n<h2 class=\"wp-block-heading has-text-align-center has-medium-font-size\" style=\"letter-spacing:1px\">Gi\u1edbi thi\u1ec7u chung v\u1ec1 k\u1ef3 thi To\u00e1n ti\u1ebfng Anh WMI<\/h2>\n\n\n\n<p class=\"has-text-align-center\"><strong>K\u1ef3 thi To\u00e1n h\u1ecdc th\u1ebf gi\u1edbi WMI<\/strong> ( World Mathematics Invitational) \u0111\u01b0\u1ee3c \u0111\u1ed3ng s\u00e1ng l\u1eadp b\u1edfi \u00f4ng Kun-Lung Tsai, Ch\u1ee7 t\u1ecbch Hi\u1ec7p h\u1ed9i To\u00e1n h\u1ecdc Trung Qu\u1ed1c, v\u00e0 \u00f4ng Quan Lam, gi\u00e1o s\u01b0 t\u1ea1i \u0110\u1ea1i h\u1ecdc California, Berkeley, v\u00e0o n\u0103m 2013.&nbsp;<\/p>\n\n\n\n<div class=\"wp-block-buttons is-horizontal is-content-justification-center is-layout-flex wp-container-core-buttons-is-layout-03627597 wp-block-buttons-is-layout-flex\">\n<div class=\"wp-block-button is-style-outline is-style-outline--1\"><a class=\"wp-block-button__link has-small-font-size has-custom-font-size wp-element-button\" href=\"https:\/\/wmi-math.vn\/?page_id=30\" style=\"border-radius:0px;font-style:normal;font-weight:600\">Th\u00f4ng tin chung<\/a><\/div>\n<\/div>\n<\/div>\n\n\n\n<div style=\"height:46px\" aria-hidden=\"true\" class=\"wp-block-spacer\"><\/div>\n\n\n\n<div class=\"wp-block-group alignfull pattern_multiple_covers has-background-background-color has-background has-global-padding is-layout-constrained wp-block-group-is-layout-constrained\" id=\"services\">\n<h2 class=\"wp-block-heading has-text-align-left\">M\u1ee5c \u0111\u00edch<\/h2>\n\n\n\n<p class=\"has-text-align-left\">M\u1ee5c \u0111\u00edch c\u1ee7a k\u1ef3 thi l\u00e0 th\u00fac \u0111\u1ea9y vi\u1ec7c h\u1ecdc v\u00e0 nghi\u00ean c\u1ee9u to\u00e1n h\u1ecdc \u1edf c\u00e1c tr\u01b0\u1eddng h\u1ecdc, t\u1ed5 ch\u1ee9c tr\u00ean th\u1ebf gi\u1edbi.<\/p>\n\n\n\n<p>K\u1ef3 thi c\u0169ng gi\u00fap cho c\u00e1c h\u1ecdc sinh c\u00f3 c\u01a1 h\u1ed9i giao l\u01b0u t\u01b0\u01a1ng t\u00e1c v\u1edbi c\u00e1c h\u1ecdc sinh tr\u00ean to\u00e0n th\u1ebf gi\u1edbi v\u00e0 gi\u00fap h\u1ecdc sinh c\u00f3 nh\u1eefng c\u01a1 h\u1ed9i tr\u1ea3i nghi\u1ec7m c\u00e1c n\u1ec1n v\u0103n h\u00f3a kh\u00e1c nhau v\u00e0 th\u00fac \u0111\u1ea9y s\u1ef1 ph\u00e1t tri\u1ec3n t\u00ecnh y\u00eau c\u1ee7a c\u00e1c h\u1ecdc sinh \u0111\u1ed1i v\u1edbi m\u00f4n To\u00e1n.<\/p>\n\n\n\n<p class=\"has-text-align-left\">Ngo\u00e0i ra k\u1ef3 thi gi\u00fap h\u1ecdc sinh ki\u1ec3m tra l\u1ea1i c\u00e1c ki\u1ebfn th\u1ee9c \u0111\u00e3 \u0111\u01b0\u1ee3c h\u1ecdc v\u00e0 \u00e1p d\u1ee5ng nhi\u1ec1u ki\u1ebfn th\u1ee9c to\u00e1n h\u1ecdc v\u00e0o cu\u1ed9c s\u1ed1ng th\u1ef1c t\u1ebf. &#8211; Qua c\u00e1c k\u1ef3 thi To\u00e1n qu\u1ed1c t\u1ebf ph\u00e1t hi\u1ec7n v\u00e0 b\u1ed3i d\u01b0\u1ee1ng c\u00e1c h\u1ecdc sinh c\u00f3 n\u0103ng khi\u1ebfu v\u1ec1 to\u00e1n<\/p>\n\n\n\n<div class=\"wp-block-columns is-layout-flex wp-container-core-columns-is-layout-28f84493 wp-block-columns-is-layout-flex\">\n<div class=\"wp-block-column is-layout-flow wp-block-column-is-layout-flow\" style=\"padding-top:0;padding-right:0;padding-bottom:0;padding-left:0\">\n<figure class=\"wp-block-image alignwide\"><img decoding=\"async\" width=\"1024\" height=\"329\" src=\"https:\/\/wmi-math.vn\/wp-content\/uploads\/2025\/04\/purpose-1024x329.png\" alt=\"\" class=\"wp-image-6935\" srcset=\"https:\/\/wmi-math.vn\/wp-content\/uploads\/2025\/04\/purpose-1024x329.png 1024w, https:\/\/wmi-math.vn\/wp-content\/uploads\/2025\/04\/purpose-300x96.png 300w, https:\/\/wmi-math.vn\/wp-content\/uploads\/2025\/04\/purpose.png 1295w\" sizes=\"(max-width: 1024px) 100vw, 1024px\" \/><\/figure>\n<\/div>\n<\/div>\n\n\n\n<div style=\"height:24px\" aria-hidden=\"true\" class=\"wp-block-spacer\"><\/div>\n<\/div>\n\n\n\n<div class=\"wp-block-group alignfull has-global-padding is-layout-constrained wp-block-group-is-layout-constrained\">\n<div class=\"wp-block-group has-global-padding is-layout-constrained wp-block-group-is-layout-constrained\" style=\"padding-top:var(--wp--preset--spacing--small);padding-bottom:var(--wp--preset--spacing--small)\">\n<div class=\"wp-block-columns is-layout-flex wp-container-core-columns-is-layout-c375d253 wp-block-columns-is-layout-flex\">\n<div class=\"wp-block-column is-vertically-aligned-center is-layout-flow wp-block-column-is-layout-flow\">\n<h2 class=\"wp-block-heading has-medium-font-size\" style=\"text-transform:uppercase\"><strong>K\u1ef3 thi to\u00e1n h\u1ecdc \u0111\u01b0\u1ee3c t\u1ed5 ch\u1ee9c \u1edf c\u00e1c qu\u1ed1c gia kh\u00e1c nhau qua c\u00e1c n\u0103m:<\/strong><\/h2>\n\n\n\n<p>2013: T\u1ed5 ch\u1ee9c t\u1ea1i Seoul, H\u00e0n Qu\u1ed1c<\/p>\n\n\n\n<p>2014: T\u1ed5 ch\u1ee9c t\u1ea1i \u0110\u00e0i B\u1eafc, \u0110\u00e0i Loan<\/p>\n\n\n\n<p>2015: T\u1ed5 ch\u1ee9c t\u1ea1i Guilin, Trung Qu\u1ed1c<\/p>\n\n\n\n<p>2016: T\u1ed5 ch\u1ee9c t\u1ea1i Kulalumpur, Malaysia<\/p>\n\n\n\n<p>2017: T\u1ed5 ch\u1ee9c t\u1ea1i th\u00e0nh ph\u1ed1 H\u1ed3 Ch\u00ed Minh, Vi\u1ec7t Nam<\/p>\n\n\n\n<p>2018: T\u1ed5 ch\u1ee9c t\u1ea1i Seoul, Korea<\/p>\n\n\n\n<p>2019: T\u1ed5 ch\u1ee9c t\u1ea1i Fukuoka, Nh\u1eadt B\u1ea3n<\/p>\n\n\n\n<p>2020, 2021, 2022: Do t\u00ecnh h\u00ecnh d\u1ecbch Covid n\u00ean \u0111\u01b0\u1ee3c t\u1ed5 ch\u1ee9c thi online t\u1ea1i \u0111\u1ecba ph\u01b0\u01a1ng<\/p>\n\n\n\n<p>2023: T\u1ed5 ch\u1ee9c t\u1ea1i \u0110\u1ea1i h\u1ecdc Yonsei ( l\u1ecdt top 100 \u0111\u1ea1i h\u1ecdc tr\u00ean th\u1ebf gi\u1edbi), Seoul, H\u00e0n Qu\u1ed1c<\/p>\n\n\n\n<p>2024: T\u1ed5 ch\u1ee9c t\u1ea1i Kulalumpur, Malaysia<\/p>\n\n\n\n<p>2025: T\u1ed5 ch\u1ee9c t\u1ea1i Bangkok, Th\u00e1i Lan t\u1eeb ng\u00e0y 25\/7 \u0111\u1ebfn 29\/7\/2025<\/p>\n<\/div>\n<\/div>\n<\/div>\n<\/div>\n\n\n\n<div class=\"wp-block-group alignfull has-background-background-color has-background has-global-padding is-layout-constrained wp-block-group-is-layout-constrained\">\n<div class=\"wp-block-group has-global-padding is-layout-constrained wp-block-group-is-layout-constrained\" style=\"padding-top:var(--wp--preset--spacing--small);padding-bottom:var(--wp--preset--spacing--small)\">\n<div class=\"wp-block-columns are-vertically-aligned-center is-layout-flex wp-container-core-columns-is-layout-c375d253 wp-block-columns-is-layout-flex\">\n<div class=\"wp-block-column is-vertically-aligned-center is-layout-flow wp-block-column-is-layout-flow\">\n<figure class=\"wp-block-image size-large\"><img decoding=\"async\" width=\"1024\" height=\"539\" src=\"https:\/\/wmi-math.vn\/wp-content\/uploads\/2025\/04\/MapChart_Map-1024x539.png\" alt=\"\" class=\"wp-image-6936\" srcset=\"https:\/\/wmi-math.vn\/wp-content\/uploads\/2025\/04\/MapChart_Map-1024x539.png 1024w, https:\/\/wmi-math.vn\/wp-content\/uploads\/2025\/04\/MapChart_Map-300x158.png 300w, https:\/\/wmi-math.vn\/wp-content\/uploads\/2025\/04\/MapChart_Map-2000x1054.png 2000w\" sizes=\"(max-width: 1024px) 100vw, 1024px\" \/><\/figure>\n<\/div>\n\n\n\n<div class=\"wp-block-column is-vertically-aligned-center is-layout-flow wp-block-column-is-layout-flow\">\n<h2 class=\"wp-block-heading has-medium-font-size\" style=\"text-transform:uppercase\"><strong>M\u1ed9t s\u1ed1 c\u00e1c qu\u1ed1c gia tham d\u1ef1<\/strong><\/h2>\n\n\n\n<p>\u1ea4n \u0110\u1ed9, M\u1ef9, H\u00e0n Qu\u1ed1c, \u0110\u00e0i Loan, Malaysia, Philippine, Bulgaria, Th\u00e1i Lan, Indonesia, Myama, Iran, S\u00edp, H\u1ed3ng Kong, Nigieria, Trung Qu\u1ed1c, Singapore, Campuchia, L\u00e0o, Macao, Mexico, Nh\u1eadt B\u1ea3n, \u0110\u00e0i Loan, Iran, Azerbaijan, Tunisia\u2026<\/p>\n<\/div>\n<\/div>\n<\/div>\n<\/div>\n\n\n\n<div id=\"partners\" class=\"wp-block-group has-global-padding is-content-justification-center is-layout-constrained wp-container-core-group-is-layout-13013c98 wp-block-group-is-layout-constrained\" style=\"padding-right:var(--wp--preset--spacing--small);padding-left:var(--wp--preset--spacing--small)\">\n<h2 class=\"wp-block-heading\">Ph\u00e1t tri\u1ec3n<\/h2>\n\n\n\n<p>WMI \u0111\u01b0\u1ee3c th\u00e0nh l\u1eadp v\u00e0o n\u0103m 2013. Cu\u1ed9c thi WMI \u0111\u1ea7u ti\u00ean \u0111\u01b0\u1ee3c t\u1ed5 ch\u1ee9c t\u1ea1i Seoul, H\u00e0n Qu\u1ed1c v\u1edbi s\u1ef1 tham gia c\u1ee7a \u0110\u00e0i Loan, Hoa K\u1ef3, H\u00e0n Qu\u1ed1c, Indonesia v\u00e0 H\u1ed3ng K\u00f4ng. \u0110\u1ebfn nay, Ban T\u1ed5 ch\u1ee9c WMI \u0111\u00e3 c\u00f3 32 th\u00e0nh vi\u00ean.<br>G\u1ea7n 25000 tinh hoa t\u1eeb kh\u1eafp n\u01a1i tr\u00ean th\u1ebf gi\u1edbi tham gia V\u00f2ng S\u01a1 kh\u1ea3o WMI m\u1ed7i n\u0103m, \u0111i\u1ec1u n\u00e0y khi\u1ebfn V\u00f2ng Chung k\u1ebft v\u1eeba r\u1ef1c r\u1ee1 v\u1eeba \u0111\u1ea7y th\u00e1ch th\u1ee9c. V\u00f2ng Chung k\u1ebft WMI \u0111\u01b0\u1ee3c t\u1ed5 ch\u1ee9c t\u1ea1i m\u1ed9t th\u00e0nh ph\u1ed1 kh\u00e1c nhau h\u00e0ng n\u0103m.<\/p>\n\n\n\n<div style=\"height:24px\" aria-hidden=\"true\" class=\"wp-block-spacer\"><\/div>\n\n\n\n<figure class=\"wp-block-image size-large is-style-default\"><img loading=\"lazy\" decoding=\"async\" width=\"1024\" height=\"284\" src=\"https:\/\/wmi-math.vn\/wp-content\/uploads\/2025\/04\/Development-1024x284.png\" alt=\"\" class=\"wp-image-6937\" srcset=\"https:\/\/wmi-math.vn\/wp-content\/uploads\/2025\/04\/Development-1024x284.png 1024w, https:\/\/wmi-math.vn\/wp-content\/uploads\/2025\/04\/Development-300x83.png 300w, https:\/\/wmi-math.vn\/wp-content\/uploads\/2025\/04\/Development-2000x555.png 2000w, https:\/\/wmi-math.vn\/wp-content\/uploads\/2025\/04\/Development.png 2027w\" sizes=\"(max-width: 1024px) 100vw, 1024px\" \/><\/figure>\n<\/div>\n\n\n\n<div id=\"team\" class=\"wp-block-group has-global-padding is-layout-constrained wp-container-core-group-is-layout-3a820303 wp-block-group-is-layout-constrained\" style=\"padding-right:var(--wp--preset--spacing--small);padding-left:var(--wp--preset--spacing--small)\">\n<div class=\"wp-block-group is-layout-flow wp-block-group-is-layout-flow\">\n<h2 class=\"wp-block-heading\">T\u01b0\u01a1ng lai<\/h2>\n\n\n\n<div style=\"height:0px\" aria-hidden=\"true\" class=\"wp-block-spacer\"><\/div>\n\n\n\n<div class=\"wp-block-columns is-layout-flex wp-container-core-columns-is-layout-28f84493 wp-block-columns-is-layout-flex\">\n<div class=\"wp-block-column is-style-default is-layout-flow wp-block-column-is-layout-flow\" style=\"border-style:none;border-width:0px;padding-top:0;padding-right:0;padding-bottom:0;padding-left:0\">\n<p aria-label=\"Text Paragraph\" class=\"guten-element gutenverse-text guten-UMdK8j\">Ch\u00fang t\u00f4i kh\u00f4ng mu\u1ed1n tr\u1ebb em ch\u1ec9 ngh\u0129 trong khu\u00f4n kh\u1ed5. Thay v\u00e0o \u0111\u00f3, ch\u00fang t\u00f4i hy v\u1ecdng r\u1eb1ng c\u00e1c em c\u00f3 th\u1ec3 gi\u1ea3i quy\u1ebft c\u00e1c b\u00e0i to\u00e1n m\u00e0 c\u00e1c em ch\u01b0a t\u1eebng th\u1ea5y v\u00e0 c\u00f9ng nhau t\u1eadn h\u01b0\u1edfng ni\u1ec1m vui trong to\u00e1n h\u1ecdc. \u0110\u00e2y l\u00e0 m\u1ed9t \u0111\u1eb7c \u0111i\u1ec3m l\u1edbn c\u1ee7a WMI.<br>1. WMI l\u00e0 m\u1ed9t cu\u1ed9c thi to\u00e0n di\u1ec7n. H\u1ecdc sinh t\u1eeb m\u1eabu gi\u00e1o \u0111\u1ebfn trung h\u1ecdc ph\u1ed5 th\u00f4ng \u0111\u1ec1u c\u00f3 th\u1ec3 tham gia cu\u1ed9c thi n\u00e0y.<br>2. WMI l\u00e0 m\u1ed9t cu\u1ed9c thi m\u1edf v\u00e0 c\u00f4ng b\u1eb1ng. T\u1ea5t c\u1ea3 c\u00e1c b\u00e0i thi \u0111\u1ec1u \u0111\u01b0\u1ee3c ch\u1ea5m \u0111i\u1ec3m b\u1edfi c\u00e1c hu\u1ea5n luy\u1ec7n vi\u00ean \u0111\u1ebfn t\u1eeb c\u00e1c qu\u1ed1c gia v\u00e0 khu v\u1ef1c kh\u00e1c nhau.<br>3. Cu\u1ed9c thi S\u00e1ng t\u1ea1o To\u00e1n h\u1ecdc Mini d\u00e0nh cho Sinh vi\u00ean. M\u1ed9t trong nh\u1eefng truy\u1ec1n th\u1ed1ng c\u1ee7a WMI l\u00e0 m\u1eddi sinh vi\u00ean t\u1eeb kh\u1eafp n\u01a1i tr\u00ean th\u1ebf gi\u1edbi th\u1ef1c hi\u1ec7n m\u1ed9t d\u1ef1 \u00e1n nghi\u00ean c\u1ee9u li\u00ean quan \u0111\u1ebfn to\u00e1n h\u1ecdc.<br>4. Ban t\u1ed5 ch\u1ee9c WMI n\u1ed7 l\u1ef1c r\u1ea5t nhi\u1ec1u trong vi\u1ec7c thi\u1ebft k\u1ebf c\u00e1c b\u00e0i to\u00e1n s\u00e1ng t\u1ea1o v\u00e0 phi th\u01b0\u1eddng.<\/p>\n<\/div>\n<\/div>\n\n\n\n<div style=\"height:24px\" aria-hidden=\"true\" class=\"wp-block-spacer\"><\/div>\n<\/div>\n<\/div>\n\n\n\n<div class=\"guten-element gutenverse-text-editor guten-ZKAAfT\"><div class=\"text-content-inner\"><\/div><\/div>\n","protected":false},"excerpt":{"rendered":"<p>Gi\u1edbi thi\u1ec7u chung v\u1ec1 k\u1ef3 thi To\u00e1n ti\u1ebfng Anh WMI K\u1ef3 thi To\u00e1n h\u1ecdc th\u1ebf gi\u1edbi WMI ( World Mathematics Invitational) \u0111\u01b0\u1ee3c \u0111\u1ed3ng s\u00e1ng l\u1eadp b\u1edfi \u00f4ng Kun-Lung Tsai, Ch\u1ee7 t\u1ecbch Hi\u1ec7p h\u1ed9i To\u00e1n h\u1ecdc Trung Qu\u1ed1c, v\u00e0 \u00f4ng Quan Lam, gi\u00e1o s\u01b0 t\u1ea1i \u0110\u1ea1i h\u1ecdc California, Berkeley, v\u00e0o n\u0103m 2013.&nbsp; M\u1ee5c \u0111\u00edch M\u1ee5c \u0111\u00edch &hellip; <\/p>\n<p class=\"link-more\"><a href=\"https:\/\/wmi-math.vn\/\" class=\"more-link\">Read more<span class=\"screen-reader-text\"> &#8220;Homepage&#8221;<\/span><\/a><\/p>\n","protected":false},"author":1,"featured_media":70,"parent":0,"menu_order":0,"comment_status":"closed","ping_status":"closed","template":"page-templates\/full-width-transparent.php","meta":{"inspiro_hide_title":false,"footnotes":""},"class_list":["post-6922","page","type-page","status-publish","has-post-thumbnail","hentry"],"featured_media_urls":{"thumbnail":["https:\/\/wmi-math.vn\/wp-content\/uploads\/2025\/04\/cropped-cropped-banner-150x150.png",150,150,true],"medium":["https:\/\/wmi-math.vn\/wp-content\/uploads\/2025\/04\/cropped-cropped-banner-300x180.png",300,180,true],"medium_large":["https:\/\/wmi-math.vn\/wp-content\/uploads\/2025\/04\/cropped-cropped-banner.png",768,460,false],"large":["https:\/\/wmi-math.vn\/wp-content\/uploads\/2025\/04\/cropped-cropped-banner-1024x613.png",950,569,true],"1536x1536":["https:\/\/wmi-math.vn\/wp-content\/uploads\/2025\/04\/cropped-cropped-banner-1536x919.png",1536,919,true],"2048x2048":["https:\/\/wmi-math.vn\/wp-content\/uploads\/2025\/04\/cropped-cropped-banner.png",2000,1197,false],"inspiro-featured-image":["https:\/\/wmi-math.vn\/wp-content\/uploads\/2025\/04\/cropped-cropped-banner.png",2000,1197,false],"inspiro-loop":["https:\/\/wmi-math.vn\/wp-content\/uploads\/2025\/04\/cropped-cropped-banner-950x320.png",950,320,true],"inspiro-loop@2x":["https:\/\/wmi-math.vn\/wp-content\/uploads\/2025\/04\/cropped-cropped-banner-1900x640.png",1900,640,true],"portfolio_item-thumbnail":["https:\/\/wmi-math.vn\/wp-content\/uploads\/2025\/04\/cropped-cropped-banner-600x400.png",600,400,true],"portfolio_item-thumbnail@2x":["https:\/\/wmi-math.vn\/wp-content\/uploads\/2025\/04\/cropped-cropped-banner-1200x800.png",1200,800,true],"portfolio_item-masonry":["https:\/\/wmi-math.vn\/wp-content\/uploads\/2025\/04\/cropped-cropped-banner-600x359.png",600,359,true],"portfolio_item-masonry@2x":["https:\/\/wmi-math.vn\/wp-content\/uploads\/2025\/04\/cropped-cropped-banner-1200x718.png",1200,718,true],"portfolio_item-thumbnail_cinema":["https:\/\/wmi-math.vn\/wp-content\/uploads\/2025\/04\/cropped-cropped-banner-800x335.png",800,335,true],"portfolio_item-thumbnail_portrait":["https:\/\/wmi-math.vn\/wp-content\/uploads\/2025\/04\/cropped-cropped-banner-600x900.png",600,900,true],"portfolio_item-thumbnail_portrait@2x":["https:\/\/wmi-math.vn\/wp-content\/uploads\/2025\/04\/cropped-cropped-banner-1200x1197.png",1200,1197,true],"portfolio_item-thumbnail_square":["https:\/\/wmi-math.vn\/wp-content\/uploads\/2025\/04\/cropped-cropped-banner-800x800.png",800,800,true]},"_links":{"self":[{"href":"https:\/\/wmi-math.vn\/index.php?rest_route=\/wp\/v2\/pages\/6922","targetHints":{"allow":["GET"]}}],"collection":[{"href":"https:\/\/wmi-math.vn\/index.php?rest_route=\/wp\/v2\/pages"}],"about":[{"href":"https:\/\/wmi-math.vn\/index.php?rest_route=\/wp\/v2\/types\/page"}],"author":[{"embeddable":true,"href":"https:\/\/wmi-math.vn\/index.php?rest_route=\/wp\/v2\/users\/1"}],"replies":[{"embeddable":true,"href":"https:\/\/wmi-math.vn\/index.php?rest_route=%2Fwp%2Fv2%2Fcomments&post=6922"}],"version-history":[{"count":25,"href":"https:\/\/wmi-math.vn\/index.php?rest_route=\/wp\/v2\/pages\/6922\/revisions"}],"predecessor-version":[{"id":7332,"href":"https:\/\/wmi-math.vn\/index.php?rest_route=\/wp\/v2\/pages\/6922\/revisions\/7332"}],"wp:featuredmedia":[{"embeddable":true,"href":"https:\/\/wmi-math.vn\/index.php?rest_route=\/wp\/v2\/media\/70"}],"wp:attachment":[{"href":"https:\/\/wmi-math.vn\/index.php?rest_route=%2Fwp%2Fv2%2Fmedia&parent=6922"}],"curies":[{"name":"wp","href":"https:\/\/api.w.org\/{rel}","templated":true}]}}